{"id":3572,"date":"2024-07-15T18:25:23","date_gmt":"2024-07-15T16:25:23","guid":{"rendered":"https:\/\/smash.mialet.eu\/datenschutzrichtlinie\/"},"modified":"2025-04-02T14:48:36","modified_gmt":"2025-04-02T12:48:36","slug":"datenschutzrichtlinie","status":"publish","type":"page","link":"https:\/\/www.smash-europe.com\/de\/datenschutzrichtlinie\/","title":{"rendered":"Datenschutzrichtlinie"},"content":{"rendered":"\t\t<div data-elementor-type=\"wp-page\" data-elementor-id=\"3572\" class=\"elementor elementor-3572 elementor-3\" data-elementor-post-type=\"page\">\n\t\t\t\t<div class=\"elementor-element elementor-element-19c07049 e-flex e-con-boxed e-con e-parent\" data-id=\"19c07049\" data-element_type=\"container\" data-e-type=\"container\">\n\t\t\t\t\t<div class=\"e-con-inner\">\n\t\t\t\t<div class=\"elementor-element elementor-element-e7ea945 elementor-widget elementor-widget-text-editor\" data-id=\"e7ea945\" data-element_type=\"widget\" data-e-type=\"widget\" data-widget_type=\"text-editor.default\">\n\t\t\t\t<div class=\"elementor-widget-container\">\n\t\t\t\t\t\t\t\t\t\n<p>Diese Datenschutzrichtlinie beschreibt, wie Ihre personenbezogenen Daten erfasst, verwendet und weitergegeben werden, wenn Sie www.smashproducts.com (die \u201eSite\u201c) besuchen oder dort einen Kauf t\u00e4tigen.<\/p>\n\n<p>&#8212;-<\/p>\n\n<p><strong>VON UNS ERHOBENE PERSONENBEZOGENE DATEN<\/strong><\/p>\n\n<p>Wenn Sie die Website besuchen, erfassen wir automatisch bestimmte Informationen \u00fcber Ihr Ger\u00e4t, darunter Informationen zu Ihrem Webbrowser, Ihrer IP-Adresse, Ihrer Zeitzone und einigen der auf Ihrem Ger\u00e4t installierten Cookies. Dar\u00fcber hinaus erfassen wir beim Surfen auf der Website Informationen \u00fcber die einzelnen Webseiten oder Produkte, die Sie aufrufen, welche Websites oder Suchbegriffe Sie auf die Website verwiesen haben und wie Sie mit der Website interagieren. Diese automatisch erfassten Informationen bezeichnen wir als \u201eGer\u00e4teinformationen\u201c.  <\/p>\n\n<p>Wir erfassen Ger\u00e4teinformationen mithilfe der folgenden Technologien:<\/p>\n\n<p>\u201eCookies\u201c sind Datendateien, die auf Ihrem Ger\u00e4t oder Computer abgelegt werden und oft eine anonyme, eindeutige Kennung enthalten. Weitere Informationen zu Cookies und deren Deaktivierung finden Sie unter <a href=\"http:\/\/www.allaboutcookies.org\" target=\"_blank\" rel=\"noopener\">http:\/\/www.allaboutcookies.org.<\/a> <\/p>\n\n<p>&#8211; \u201eProtokolldateien\u201c verfolgen die auf der Site stattfindenden Aktionen und erfassen Daten wie Ihre IP-Adresse, den Browsertyp, den Internetdienstanbieter, Verweis-\/Ausstiegsseiten und Datums-\/Zeitstempel.<\/p>\n\n<p>&#8211; \u201eWeb Beacons\u201c, \u201eTags\u201c und \u201ePixel\u201c sind elektronische Dateien, die zum Aufzeichnen von Informationen dar\u00fcber verwendet werden, wie Sie die Site durchsuchen.<\/p>\n\n<p>Wenn Sie \u00fcber die Website einen Kauf t\u00e4tigen oder versuchen, einen Kauf zu t\u00e4tigen, erfassen wir au\u00dferdem bestimmte Informationen von Ihnen, darunter Ihren Namen, Ihre Rechnungsadresse, Ihre Lieferadresse, Ihre Zahlungsinformationen (einschlie\u00dflich Kreditkartennummern), Ihre E-Mail-Adresse und Ihre Telefonnummer. Wir bezeichnen diese Informationen als \u201eBestellinformationen\u201c. <\/p>\n\n<p>Wenn wir in dieser Datenschutzrichtlinie von \u201epers\u00f6nlichen Informationen\u201c sprechen, meinen wir sowohl Ger\u00e4teinformationen als auch Bestellinformationen.<\/p>\n\n<p><strong>WIE VERWENDEN WIR IHRE PERS\u00d6NLICHEN DATEN?<\/strong><\/p>\n\n<p>Wir verwenden die von uns erfassten Bestellinformationen im Allgemeinen zur Erf\u00fcllung aller \u00fcber die Website aufgegebenen Bestellungen (einschlie\u00dflich der Verarbeitung Ihrer Zahlungsinformationen, der Organisation des Versands und der Bereitstellung von Rechnungen und\/oder Auftragsbest\u00e4tigungen). Dar\u00fcber hinaus verwenden wir diese Bestellinformationen f\u00fcr: <\/p>\n\n<p>Mit Ihnen kommunizieren;<\/p>\n\n<p>\u00dcberpr\u00fcfen Sie unsere Bestellungen auf potenzielle Risiken oder Betrug.<\/p>\n\n<p>Wenn es mit den Pr\u00e4ferenzen \u00fcbereinstimmt, die Sie uns mitgeteilt haben, stellen wir Ihnen Informationen oder Werbung zu unseren Produkten oder Dienstleistungen zur Verf\u00fcgung.<\/p>\n\n<p>Wir verwenden die von uns gesammelten Ger\u00e4teinformationen, um potenzielle Risiken und Betrugsf\u00e4lle zu erkennen (insbesondere Ihre IP-Adresse) und ganz allgemein, um unsere Site zu verbessern und zu optimieren (beispielsweise durch die Erstellung von Analysen dar\u00fcber, wie unsere Kunden auf der Site surfen und mit ihr interagieren, und um den Erfolg unserer Marketing- und Werbekampagnen zu bewerten).<\/p>\n\n<p><strong>Weitergabe Ihrer pers\u00f6nlichen Daten<\/strong><\/p>\n\n<p>Wir geben Ihre personenbezogenen Daten an Dritte weiter, um uns bei der Nutzung Ihrer personenbezogenen Daten wie oben beschrieben zu unterst\u00fctzen. Beispielsweise nutzen wir Shopify f\u00fcr unseren Online-Shop. Weitere Informationen zur Verwendung Ihrer personenbezogenen Daten durch Shopify finden Sie hier: <a href=\"https:\/\/www.shopify.com\/legal\/privacy\" target=\"_blank\" rel=\"noopener\">https:\/\/www.shopify.com\/legal\/privacy<\/a>. Wir nutzen au\u00dferdem Google Analytics, um zu verstehen, wie unsere Kunden die Website nutzen. Weitere Informationen zur Verwendung Ihrer personenbezogenen Daten durch Google finden Sie hier: <a href=\"https:\/\/www.google.com\/intl\/en\/policies\/privacy\/\" target=\"_blank\" rel=\"noopener\">https:\/\/www.google.com\/intl\/en\/policies\/privacy\/<\/a>. Sie k\u00f6nnen Google Analytics auch hier deaktivieren:<a href=\"https:\/\/tools.google.com\/dlpage\/gaoptout\" target=\"_blank\" rel=\"noopener\"> https:\/\/tools.google.com\/dlpage\/gaoptout.<\/a>   <\/p>\n\n<p>Schlie\u00dflich k\u00f6nnen wir Ihre personenbezogenen Daten auch weitergeben, um die geltenden Gesetze und Vorschriften einzuhalten, auf eine Vorladung, einen Durchsuchungsbefehl oder eine andere rechtm\u00e4\u00dfige Anfrage nach Informationen, die wir erhalten, zu reagieren oder um unsere Rechte anderweitig zu sch\u00fctzen.<\/p>\n\n<p><strong>VERHALTENSBASIERTE WERBUNG<\/strong><\/p>\n\n<p>Wie oben beschrieben, verwenden wir Ihre personenbezogenen Daten, um Ihnen gezielte Werbung oder Marketingmitteilungen zukommen zu lassen, die unserer Meinung nach f\u00fcr Sie von Interesse sein k\u00f6nnten. Weitere Informationen zur Funktionsweise gezielter Werbung finden Sie auf der Informationsseite der Network Advertising Initiative (\u201eNAI\u201c) unter <a href=\"http:\/\/www.networkadvertising.org\/understanding-online-advertising\/how-does-it-work\" target=\"_blank\" rel=\"noopener\">http:\/\/www.networkadvertising.org\/understanding-online-advertising\/how-does-it-work.<\/a> <\/p>\n\n<p>Sie k\u00f6nnen gezielte Werbung folgenderma\u00dfen deaktivieren:<\/p>\n\n<p>FACEBOOK &#8211; <a href=\"https:\/\/www.facebook.com\/settings\/?tab=ads\" target=\"_blank\" rel=\"noopener\">https:\/\/www.facebook.com\/settings\/?tab=ads<\/a><\/p>\n\n<p>GOOGLE &#8211; <a href=\"https:\/\/www.google.com\/settings\/ads\/anonymous\" target=\"_blank\" rel=\"noopener\">https:\/\/www.google.com\/settings\/ads\/anonymous<\/a><\/p>\n\n<p>BING &#8211; <a href=\"https:\/\/advertise.bingads.microsoft.com\/en-us\/resources\/policies\/personalized-ads\" target=\"_blank\" rel=\"noopener\">https:\/\/advertise.bingads.microsoft.com\/en-us\/resources\/policies\/personalized-ads<\/a><\/p>\n\n<p>Dar\u00fcber hinaus k\u00f6nnen Sie sich von einigen dieser Dienste abmelden, indem Sie das Abmeldeportal der Digital Advertising Alliance unter <a href=\"http:\/\/optout.aboutads.info\/\" target=\"_blank\" rel=\"noopener\">http:\/\/optout.aboutads.info\/ <\/a>besuchen.<\/p>\n\n<p><strong>NICHT VERFOLGEN<\/strong><\/p>\n\n<p>Bitte beachten Sie, dass wir die Datenerfassungs- und -nutzungspraktiken unserer Site nicht \u00e4ndern, wenn wir ein \u201eDo Not Track\u201c-Signal von Ihrem Browser sehen.<\/p>\n\n<p><strong>IHRE RECHTE<\/strong><\/p>\n\n<p>Wenn Sie in Europa ans\u00e4ssig sind, haben Sie das Recht, auf Ihre personenbezogenen Daten zuzugreifen und deren Berichtigung, Aktualisierung oder L\u00f6schung zu verlangen. Wenn Sie dieses Recht aus\u00fcben m\u00f6chten, kontaktieren Sie uns bitte \u00fcber die unten angegebenen Kontaktinformationen. <\/p>\n\n<p>Wenn Sie in Europa ans\u00e4ssig sind, weisen wir Sie au\u00dferdem darauf hin, dass wir Ihre Daten verarbeiten, um Vertr\u00e4ge mit Ihnen zu erf\u00fcllen (z. B. wenn Sie eine Bestellung \u00fcber die Website aufgeben) oder um unsere oben genannten berechtigten Gesch\u00e4ftsinteressen zu verfolgen. Bitte beachten Sie au\u00dferdem, dass Ihre Daten au\u00dferhalb Europas, unter anderem nach Kanada und in die USA, \u00fcbertragen werden. <\/p>\n\n<p><strong>DATENSPEICHERUNG<\/strong><\/p>\n\n<p>Wenn Sie \u00fcber die Site eine Bestellung aufgeben, bewahren wir Ihre Bestellinformationen f\u00fcr unsere Unterlagen auf, es sei denn, Sie fordern uns auf, diese Informationen zu l\u00f6schen.<\/p>\n\n<p><strong>\u00c4NDERUNGEN<\/strong><\/p>\n\n<p>Wir k\u00f6nnen diese Datenschutzrichtlinie von Zeit zu Zeit aktualisieren, um beispielsweise \u00c4nderungen unserer Praktiken oder aus anderen betrieblichen, rechtlichen oder regulatorischen Gr\u00fcnden Rechnung zu tragen.<\/p>\n\n<p><strong>KONTAKTIEREN SIE UNS<\/strong><\/p>\n\n<p>Wenn Sie weitere Informationen zu unseren Datenschutzpraktiken w\u00fcnschen, Fragen haben oder eine Beschwerde einreichen m\u00f6chten, kontaktieren Sie uns bitte per E-Mail unter enquiries@smashenterprises.com.au oder per Post unter den unten angegebenen Kontaktdaten:<\/p>\n\n<p><strong>Smash Enterprises<br><\/strong>33 Redland Drive, Mitcham VIC 3132<\/p>\n\n<p>ABN 52 091 134 708<\/p>\n\t\t\t\t\t\t\t\t<\/div>\n\t\t\t\t<\/div>\n\t\t\t\t\t<\/div>\n\t\t\t\t<\/div>\n\t\t\t\t<\/div>\n\t\t","protected":false},"excerpt":{"rendered":"<p>Diese Datenschutzrichtlinie beschreibt, wie Ihre personenbezogenen Daten erfasst, verwendet und weitergegeben werden, wenn Sie www.smashproducts.com (die \u201eSite\u201c) besuchen oder dort einen Kauf t\u00e4tigen. &#8212;- VON UNS ERHOBENE PERSONENBEZOGENE DATEN Wenn Sie die Website besuchen, erfassen wir automatisch bestimmte Informationen \u00fcber Ihr Ger\u00e4t, darunter Informationen zu Ihrem Webbrowser, Ihrer IP-Adresse, Ihrer Zeitzone und einigen der auf [&hellip;]<\/p>\n","protected":false},"author":1,"featured_media":0,"parent":0,"menu_order":33,"comment_status":"closed","ping_status":"closed","template":"","meta":{"_acf_changed":false,"_seopress_robots_primary_cat":"","_seopress_titles_title":"Datenschutzrichtlinie - Smash Europe","_seopress_titles_desc":"Klicken Sie hier, um unsere vollst\u00e4ndigen Datenschutzbestimmungen anzuzeigen.","_seopress_robots_index":"","footnotes":""},"class_list":["post-3572","page","type-page","status-publish","hentry"],"acf":[],"_links":{"self":[{"href":"https:\/\/www.smash-europe.com\/de\/wp-json\/wp\/v2\/pages\/3572","targetHints":{"allow":["GET"]}}],"collection":[{"href":"https:\/\/www.smash-europe.com\/de\/wp-json\/wp\/v2\/pages"}],"about":[{"href":"https:\/\/www.smash-europe.com\/de\/wp-json\/wp\/v2\/types\/page"}],"author":[{"embeddable":true,"href":"https:\/\/www.smash-europe.com\/de\/wp-json\/wp\/v2\/users\/1"}],"replies":[{"embeddable":true,"href":"https:\/\/www.smash-europe.com\/de\/wp-json\/wp\/v2\/comments?post=3572"}],"version-history":[{"count":4,"href":"https:\/\/www.smash-europe.com\/de\/wp-json\/wp\/v2\/pages\/3572\/revisions"}],"predecessor-version":[{"id":3792,"href":"https:\/\/www.smash-europe.com\/de\/wp-json\/wp\/v2\/pages\/3572\/revisions\/3792"}],"wp:attachment":[{"href":"https:\/\/www.smash-europe.com\/de\/wp-json\/wp\/v2\/media?parent=3572"}],"curies":[{"name":"wp","href":"https:\/\/api.w.org\/{rel}","templated":true}]}}